{"id":11,"date":"2025-06-26T19:41:43","date_gmt":"2025-06-26T19:41:43","guid":{"rendered":"https:\/\/afrimda.com\/mnssite\/?page_id=11"},"modified":"2025-10-08T19:13:09","modified_gmt":"2025-10-08T19:13:09","slug":"about-us","status":"publish","type":"page","link":"https:\/\/afrimda.com\/fr\/about-us\/","title":{"rendered":"A PROPOS"},"content":{"rendered":"<div data-elementor-type=\"wp-page\" data-elementor-id=\"11\" class=\"elementor elementor-11\" data-elementor-post-type=\"page\">\n\t\t\t\t<div class=\"elementor-element elementor-element-d0e185b e-flex e-con-boxed e-con e-parent\" data-id=\"d0e185b\" data-element_type=\"container\" data-e-type=\"container\">\n\t\t\t\t\t<div class=\"e-con-inner\">\n\t\t<div class=\"elementor-element elementor-element-5e8698e e-con-full e-flex e-con e-child\" data-id=\"5e8698e\" data-element_type=\"container\" data-e-type=\"container\">\n\t\t\t\t<\/div>\n\t\t<div class=\"elementor-element elementor-element-9bd43db e-con-full e-flex e-con e-child\" data-id=\"9bd43db\" data-element_type=\"container\" data-e-type=\"container\">\n\t\t<div class=\"elementor-element elementor-element-c3f42ab e-con-full e-flex e-con e-child\" data-id=\"c3f42ab\" data-element_type=\"container\" data-e-type=\"container\">\n\t\t\t\t<div class=\"elementor-element elementor-element-e8294f2 elementor-widget elementor-widget-text-editor\" data-id=\"e8294f2\" data-element_type=\"widget\" data-e-type=\"widget\" data-widget_type=\"text-editor.default\">\n\t\t\t\t<div class=\"elementor-widget-container\">\n\t\t\t\t\t\t\t\t\t<p>Bienvenue sur afrimda, une plateforme d\u00e9di\u00e9e \u00e0 combler le foss\u00e9 entre les professionnels du cin\u00e9ma exp\u00e9riment\u00e9s et les talents \u00e9mergents. Nous comprenons les d\u00e9fis uniques ainsi que le potentiel incroyable qui jalonnent le parcours cin\u00e9matographique, que vous fassiez vos premiers pas ou cherchiez \u00e0 donner un nouvel \u00e9lan \u00e0 votre prochain projet. Notre mission est de favoriser une communaut\u00e9 dynamique o\u00f9 le savoir se partage, la cr\u00e9ativit\u00e9 s\u2019\u00e9panouit et les histoires captivantes prennent vie.<br \/><br \/>Naviguer dans l\u2019industrie du cin\u00e9ma peut \u00eatre complexe. Les cin\u00e9astes d\u00e9butants ont souvent besoin d\u2019accompagnement pour affiner leur vision et comprendre les aspects techniques et strat\u00e9giques de la production et de la distribution. Les cin\u00e9astes exp\u00e9riment\u00e9s, quant \u00e0 eux, peuvent tirer profit de nouvelles perspectives, \u00e9tablir des liens avec de nouveaux talents et trouver un soutien pour emballer et positionner efficacement leurs projets. Afrimda est con\u00e7ue pour \u00eatre le carrefour central de cet \u00e9change essentiel.<\/p>\t\t\t\t\t\t\t\t<\/div>\n\t\t\t\t<\/div>\n\t\t<div class=\"elementor-element elementor-element-40d920d e-con-full elementor-hidden-mobile e-flex e-con e-child\" data-id=\"40d920d\" data-element_type=\"container\" data-e-type=\"container\">\n\t\t\t\t<div class=\"elementor-element elementor-element-c02fdc2 elementor-widget elementor-widget-button\" data-id=\"c02fdc2\" data-element_type=\"widget\" data-e-type=\"widget\" data-widget_type=\"button.default\">\n\t\t\t\t<div class=\"elementor-widget-container\">\n\t\t\t\t\t\t\t\t\t<div class=\"elementor-button-wrapper\">\n\t\t\t\t\t<a class=\"elementor-button elementor-button-link elementor-size-sm\" href=\"https:\/\/afrimda.com\/fr\/request-a-service\/\">\n\t\t\t\t\t\t<span class=\"elementor-button-content-wrapper\">\n\t\t\t\t\t\t<span class=\"elementor-button-icon\">\n\t\t\t\t<svg aria-hidden=\"true\" class=\"e-font-icon-svg e-fas-arrow-right\" viewbox=\"0 0 448 512\" xmlns=\"http:\/\/www.w3.org\/2000\/svg\"><path d=\"M190.5 66.9l22.2-22.2c9.4-9.4 24.6-9.4 33.9 0L441 239c9.4 9.4 9.4 24.6 0 33.9L246.6 467.3c-9.4 9.4-24.6 9.4-33.9 0l-22.2-22.2c-9.5-9.5-9.3-25 .4-34.3L311.4 296H24c-13.3 0-24-10.7-24-24v-32c0-13.3 10.7-24 24-24h287.4L190.9 101.2c-9.8-9.3-10-24.8-.4-34.3z\"><\/path><\/svg>\t\t\t<\/span>\n\t\t\t\t\t\t\t\t\t<span class=\"elementor-button-text\">Demander un service<\/span>\n\t\t\t\t\t<\/span>\n\t\t\t\t\t<\/a>\n\t\t\t\t<\/div>\n\t\t\t\t\t\t\t\t<\/div>\n\t\t\t\t<\/div>\n\t\t\t\t<div class=\"elementor-element elementor-element-18a700c elementor-widget elementor-widget-button\" data-id=\"18a700c\" data-element_type=\"widget\" data-e-type=\"widget\" data-widget_type=\"button.default\">\n\t\t\t\t<div class=\"elementor-widget-container\">\n\t\t\t\t\t\t\t\t\t<div class=\"elementor-button-wrapper\">\n\t\t\t\t\t<a class=\"elementor-button elementor-button-link elementor-size-sm\" href=\"https:\/\/pro.afrimda.com\">\n\t\t\t\t\t\t<span class=\"elementor-button-content-wrapper\">\n\t\t\t\t\t\t<span class=\"elementor-button-icon\">\n\t\t\t\t<svg aria-hidden=\"true\" class=\"e-font-icon-svg e-fas-arrow-right\" viewbox=\"0 0 448 512\" xmlns=\"http:\/\/www.w3.org\/2000\/svg\"><path d=\"M190.5 66.9l22.2-22.2c9.4-9.4 24.6-9.4 33.9 0L441 239c9.4 9.4 9.4 24.6 0 33.9L246.6 467.3c-9.4 9.4-24.6 9.4-33.9 0l-22.2-22.2c-9.5-9.5-9.3-25 .4-34.3L311.4 296H24c-13.3 0-24-10.7-24-24v-32c0-13.3 10.7-24 24-24h287.4L190.9 101.2c-9.8-9.3-10-24.8-.4-34.3z\"><\/path><\/svg>\t\t\t<\/span>\n\t\t\t\t\t\t\t\t\t<span class=\"elementor-button-text\">Nous Rejoindre<\/span>\n\t\t\t\t\t<\/span>\n\t\t\t\t\t<\/a>\n\t\t\t\t<\/div>\n\t\t\t\t\t\t\t\t<\/div>\n\t\t\t\t<\/div>\n\t\t\t\t<\/div>\n\t\t\t\t<\/div>\n\t\t<div class=\"elementor-element elementor-element-22c66d2 e-con-full e-flex e-con e-child\" data-id=\"22c66d2\" data-element_type=\"container\" data-e-type=\"container\">\n\t\t<div class=\"elementor-element elementor-element-735ec62 e-con-full e-flex e-con e-child\" data-id=\"735ec62\" data-element_type=\"container\" data-e-type=\"container\">\n\t\t\t\t<div class=\"elementor-element elementor-element-18537cd elementor-widget elementor-widget-heading\" data-id=\"18537cd\" data-element_type=\"widget\" data-e-type=\"widget\" data-widget_type=\"heading.default\">\n\t\t\t\t<div class=\"elementor-widget-container\">\n\t\t\t\t\t<h2 class=\"elementor-heading-title elementor-size-default\">Notre \u00e9quipe principale<\/h2>\t\t\t\t<\/div>\n\t\t\t\t<\/div>\n\t\t\t\t<\/div>\n\t\t<div class=\"elementor-element elementor-element-dd92928 e-con-full e-flex e-con e-child\" data-id=\"dd92928\" data-element_type=\"container\" data-e-type=\"container\">\n\t\t\t\t<div class=\"elementor-element elementor-element-e394d87 elementor-widget elementor-widget-text-editor\" data-id=\"e394d87\" data-element_type=\"widget\" data-e-type=\"widget\" data-widget_type=\"text-editor.default\">\n\t\t\t\t<div class=\"elementor-widget-container\">\n\t\t\t\t\t\t\t\t\t<p><strong>Alison MacAulay<\/strong><br \/>Coordination de projet<\/p>\t\t\t\t\t\t\t\t<\/div>\n\t\t\t\t<\/div>\n\t\t\t\t<div class=\"elementor-element elementor-element-4435fcc elementor-widget elementor-widget-text-editor\" data-id=\"4435fcc\" data-element_type=\"widget\" data-e-type=\"widget\" data-widget_type=\"text-editor.default\">\n\t\t\t\t<div class=\"elementor-widget-container\">\n\t\t\t\t\t\t\t\t\t<p><strong>Romeo Umulisa<\/strong><br \/>Design produit et cr\u00e9atif<\/p>\t\t\t\t\t\t\t\t<\/div>\n\t\t\t\t<\/div>\n\t\t\t\t<\/div>\n\t\t\t\t<\/div>\n\t\t\t\t<\/div>\n\t\t\t\t\t<\/div>\n\t\t\t\t<\/div>\n\t\t\t\t<\/div>","protected":false},"excerpt":{"rendered":"<p>Welcome to afrimda, a dedicated platform built to bridge the gap between seasoned film professionals and emerging talents. We understand the unique challenges and incredible potential within the filmmaking journey, whether you&#8217;re taking your first steps or looking to elevate your next project. Our mission is to foster a vibrant community where knowledge is shared, [&hellip;]<\/p>\n","protected":false},"author":1,"featured_media":0,"parent":0,"menu_order":0,"comment_status":"closed","ping_status":"closed","template":"","meta":{"footnotes":""},"class_list":["post-11","page","type-page","status-publish","hentry"],"_links":{"self":[{"href":"https:\/\/afrimda.com\/fr\/wp-json\/wp\/v2\/pages\/11","targetHints":{"allow":["GET"]}}],"collection":[{"href":"https:\/\/afrimda.com\/fr\/wp-json\/wp\/v2\/pages"}],"about":[{"href":"https:\/\/afrimda.com\/fr\/wp-json\/wp\/v2\/types\/page"}],"author":[{"embeddable":true,"href":"https:\/\/afrimda.com\/fr\/wp-json\/wp\/v2\/users\/1"}],"replies":[{"embeddable":true,"href":"https:\/\/afrimda.com\/fr\/wp-json\/wp\/v2\/comments?post=11"}],"version-history":[{"count":79,"href":"https:\/\/afrimda.com\/fr\/wp-json\/wp\/v2\/pages\/11\/revisions"}],"predecessor-version":[{"id":1517,"href":"https:\/\/afrimda.com\/fr\/wp-json\/wp\/v2\/pages\/11\/revisions\/1517"}],"wp:attachment":[{"href":"https:\/\/afrimda.com\/fr\/wp-json\/wp\/v2\/media?parent=11"}],"curies":[{"name":"wp","href":"https:\/\/api.w.org\/{rel}","templated":true}]}}