{"id":13,"date":"2025-06-26T19:41:57","date_gmt":"2025-06-26T19:41:57","guid":{"rendered":"https:\/\/afrimda.com\/mnssite\/?page_id=13"},"modified":"2025-10-08T19:15:32","modified_gmt":"2025-10-08T19:15:32","slug":"services","status":"publish","type":"page","link":"https:\/\/afrimda.com\/fr\/services\/","title":{"rendered":"Nos Services"},"content":{"rendered":"<div data-elementor-type=\"wp-page\" data-elementor-id=\"13\" class=\"elementor elementor-13\" data-elementor-post-type=\"page\">\n\t\t\t\t<div class=\"elementor-element elementor-element-df6eb6f e-flex e-con-boxed e-con e-parent\" data-id=\"df6eb6f\" data-element_type=\"container\" data-e-type=\"container\">\n\t\t\t\t\t<div class=\"e-con-inner\">\n\t\t<div class=\"elementor-element elementor-element-7940f38 e-con-full e-flex e-con e-child\" data-id=\"7940f38\" data-element_type=\"container\" data-e-type=\"container\">\n\t\t\t\t<div class=\"elementor-element elementor-element-5988d7d elementor-widget elementor-widget-text-editor\" data-id=\"5988d7d\" data-element_type=\"widget\" data-e-type=\"widget\" data-widget_type=\"text-editor.default\">\n\t\t\t\t<div class=\"elementor-widget-container\">\n\t\t\t\t\t\t\t\t\t<p>Nous proposons une gamme de services sur mesure con\u00e7us pour accompagner votre projet de film \u00e0 chaque \u00e9tape cruciale.<\/p>\t\t\t\t\t\t\t\t<\/div>\n\t\t\t\t<\/div>\n\t\t\t\t<\/div>\n\t\t<section class=\"elementor-element elementor-element-ad3028d e-con-full e-flex e-con e-child\" data-id=\"ad3028d\" data-element_type=\"container\" data-e-type=\"container\">\n\t\t<div class=\"elementor-element elementor-element-07cf637 e-con-full e-flex e-con e-child\" data-id=\"07cf637\" data-element_type=\"container\" data-e-type=\"container\">\n\t\t\t\t<div class=\"elementor-element elementor-element-6a5c283 elementor-widget elementor-widget-image\" data-id=\"6a5c283\" data-element_type=\"widget\" data-e-type=\"widget\" data-widget_type=\"image.default\">\n\t\t\t\t<div class=\"elementor-widget-container\">\n\t\t\t\t\t\t\t\t\t\t\t\t\t\t\t<img fetchpriority=\"high\" decoding=\"async\" width=\"900\" height=\"1000\" src=\"https:\/\/afrimda.com\/mnssite\/wp-content\/uploads\/2025\/06\/afrimda_experts_consulting.jpg\" class=\"attachment-full size-full wp-image-1271\" alt=\"afrimda_experts_creative_consultind\" srcset=\"https:\/\/afrimda.com\/mnssite\/wp-content\/uploads\/2025\/06\/afrimda_experts_consulting.jpg 900w, https:\/\/afrimda.com\/mnssite\/wp-content\/uploads\/2025\/06\/afrimda_experts_consulting-270x300.jpg 270w, https:\/\/afrimda.com\/mnssite\/wp-content\/uploads\/2025\/06\/afrimda_experts_consulting-768x853.jpg 768w, https:\/\/afrimda.com\/mnssite\/wp-content\/uploads\/2025\/06\/afrimda_experts_consulting-11x12.jpg 11w\" sizes=\"(max-width: 900px) 100vw, 900px\" \/>\t\t\t\t\t\t\t\t\t\t\t\t\t\t\t<\/div>\n\t\t\t\t<\/div>\n\t\t\t\t<\/div>\n\t\t<div class=\"elementor-element elementor-element-bdecc44 e-con-full e-flex e-con e-child\" data-id=\"bdecc44\" data-element_type=\"container\" data-e-type=\"container\">\n\t\t\t\t<div class=\"elementor-element elementor-element-38a94f7 elementor-widget elementor-widget-heading\" data-id=\"38a94f7\" data-element_type=\"widget\" data-e-type=\"widget\" data-widget_type=\"heading.default\">\n\t\t\t\t<div class=\"elementor-widget-container\">\n\t\t\t\t\t<h2 class=\"elementor-heading-title elementor-size-default\">Consultation d\u2019experts :<\/h2>\t\t\t\t<\/div>\n\t\t\t\t<\/div>\n\t\t\t\t<div class=\"elementor-element elementor-element-c0ff934 elementor-widget elementor-widget-text-editor\" data-id=\"c0ff934\" data-element_type=\"widget\" data-e-type=\"widget\" data-widget_type=\"text-editor.default\">\n\t\t\t\t<div class=\"elementor-widget-container\">\n\t\t\t\t\t\t\t\t\t<p>D\u00e9veloppement du sc\u00e9nario et de l\u2019histoire : Votre histoire est le c\u0153ur de votre film. Nos consultants exp\u00e9riment\u00e9s offrent une analyse approfondie et un accompagnement collaboratif pour vous aider \u00e0 cr\u00e9er des r\u00e9cits captivants, d\u00e9velopper des personnages authentiques et structurer votre sc\u00e9nario pour un impact maximal. Que vous commenciez avec un concept ou que vous affiniez un brouillon, nous vous fournissons les cl\u00e9s pour renforcer votre narration.<\/p><p>Post-production : Les touches finales sont essentielles pour concr\u00e9tiser votre vision. Notre consultation en post-production vous met en relation avec des experts capables de vous conseiller sur le montage, la conception sonore, l\u2019\u00e9talonnage, les effets visuels et les flux de travail, afin que votre film atteigne son plus haut potentiel technique et artistique.<\/p>\t\t\t\t\t\t\t\t<\/div>\n\t\t\t\t<\/div>\n\t\t<div class=\"elementor-element elementor-element-f3cb4cf e-con-full e-flex e-con e-child\" data-id=\"f3cb4cf\" data-element_type=\"container\" data-e-type=\"container\">\n\t\t<div class=\"elementor-element elementor-element-1427ffc e-con-full e-flex e-con e-child\" data-id=\"1427ffc\" data-element_type=\"container\" data-e-type=\"container\">\n\t\t\t\t<div class=\"elementor-element elementor-element-2d355ab elementor-widget elementor-widget-text-editor\" data-id=\"2d355ab\" data-element_type=\"widget\" data-e-type=\"widget\" data-widget_type=\"text-editor.default\">\n\t\t\t\t<div class=\"elementor-widget-container\">\n\t\t\t\t\t\t\t\t\t<ul><li>\u00c9valuation de concept &amp; Brainstorming<\/li><li>Analyse et couverture de sc\u00e9nario<\/li><li>Revue et conseil pour pitch deck<\/li><li>Retour sur premier montage (rough cut)<\/li><\/ul>\t\t\t\t\t\t\t\t<\/div>\n\t\t\t\t<\/div>\n\t\t\t\t<\/div>\n\t\t<div class=\"elementor-element elementor-element-d89f8ec e-con-full e-flex e-con e-child\" data-id=\"d89f8ec\" data-element_type=\"container\" data-e-type=\"container\">\n\t\t\t\t<div class=\"elementor-element elementor-element-44f2b76 elementor-widget elementor-widget-text-editor\" data-id=\"44f2b76\" data-element_type=\"widget\" data-e-type=\"widget\" data-widget_type=\"text-editor.default\">\n\t\t\t\t<div class=\"elementor-widget-container\">\n\t\t\t\t\t\t\t\t\t<ul><li>D\u00e9veloppement de logline et synopsis<\/li><li>Consultation de sc\u00e9nario par genre<\/li><li>Consultation en montage<\/li><li>Consultation sur le montage final (final cut)<\/li><\/ul>\t\t\t\t\t\t\t\t<\/div>\n\t\t\t\t<\/div>\n\t\t\t\t<\/div>\n\t\t\t\t<\/div>\n\t\t\t\t<\/div>\n\t\t\t\t<\/section>\n\t\t<section class=\"elementor-element elementor-element-e4f7c81 e-con-full e-flex e-con e-child\" data-id=\"e4f7c81\" data-element_type=\"container\" data-e-type=\"container\">\n\t\t<div class=\"elementor-element elementor-element-952d0f9 e-con-full e-flex e-con e-child\" data-id=\"952d0f9\" data-element_type=\"container\" data-e-type=\"container\">\n\t\t\t\t<div class=\"elementor-element elementor-element-95240e1 elementor-widget elementor-widget-heading\" data-id=\"95240e1\" data-element_type=\"widget\" data-e-type=\"widget\" data-widget_type=\"heading.default\">\n\t\t\t\t<div class=\"elementor-widget-container\">\n\t\t\t\t\t<h2 class=\"elementor-heading-title elementor-size-default\">Strat\u00e9gie de festivals :<\/h2>\t\t\t\t<\/div>\n\t\t\t\t<\/div>\n\t\t\t\t<div class=\"elementor-element elementor-element-c6c1b73 elementor-widget elementor-widget-text-editor\" data-id=\"c6c1b73\" data-element_type=\"widget\" data-e-type=\"widget\" data-widget_type=\"text-editor.default\">\n\t\t\t\t<div class=\"elementor-widget-container\">\n\t\t\t\t\t\t\t\t\t<p>Faire en sorte que votre film soit vu par le bon public est essentiel \u00e0 son succ\u00e8s. Notre service de strat\u00e9gie de festivals vous apporte les connaissances et la planification n\u00e9cessaires pour naviguer dans le monde complexe des festivals de cin\u00e9ma. Nous vous aidons \u00e0 identifier les meilleurs festivals selon le genre et le public cible de votre film, \u00e0 concevoir des dossiers de candidature convaincants et \u00e0 \u00e9laborer une strat\u00e9gie pour maximiser l\u2019exposition et l\u2019impact de votre film sur le circuit des festivals.<\/p>\t\t\t\t\t\t\t\t<\/div>\n\t\t\t\t<\/div>\n\t\t<div class=\"elementor-element elementor-element-1ece01d e-con-full e-flex e-con e-child\" data-id=\"1ece01d\" data-element_type=\"container\" data-e-type=\"container\">\n\t\t<div class=\"elementor-element elementor-element-79a581e e-con-full e-flex e-con e-child\" data-id=\"79a581e\" data-element_type=\"container\" data-e-type=\"container\">\n\t\t\t\t<div class=\"elementor-element elementor-element-6998167 elementor-widget elementor-widget-text-editor\" data-id=\"6998167\" data-element_type=\"widget\" data-e-type=\"widget\" data-widget_type=\"text-editor.default\">\n\t\t\t\t<div class=\"elementor-widget-container\">\n\t\t\t\t\t\t\t\t\t<ul><li>Recherche et ciblage de festivals<\/li><li>Revue et am\u00e9lioration des dossiers de soumission<\/li><li>Optimisation des bandes-annonces et screener pour les festivals<\/li><li>Strat\u00e9gie de r\u00e9seautage pour les festivals<\/li><\/ul>\t\t\t\t\t\t\t\t<\/div>\n\t\t\t\t<\/div>\n\t\t\t\t<\/div>\n\t\t<div class=\"elementor-element elementor-element-e2b021f e-con-full e-flex e-con e-child\" data-id=\"e2b021f\" data-element_type=\"container\" data-e-type=\"container\">\n\t\t\t\t<div class=\"elementor-element elementor-element-3e9599e elementor-widget elementor-widget-text-editor\" data-id=\"3e9599e\" data-element_type=\"widget\" data-e-type=\"widget\" data-widget_type=\"text-editor.default\">\n\t\t\t\t<div class=\"elementor-widget-container\">\n\t\t\t\t\t\t\t\t\t<ul><li>Planification du calendrier des festivals<\/li><li>Strat\u00e9gie de soumission de rough cut<\/li><li>Budgetisation et planification des frais de festival<\/li><li>Strat\u00e9gie post-acceptation<\/li><\/ul>\t\t\t\t\t\t\t\t<\/div>\n\t\t\t\t<\/div>\n\t\t\t\t<\/div>\n\t\t\t\t<\/div>\n\t\t\t\t<\/div>\n\t\t<div class=\"elementor-element elementor-element-14ab84c e-con-full e-flex e-con e-child\" data-id=\"14ab84c\" data-element_type=\"container\" data-e-type=\"container\">\n\t\t\t\t<div class=\"elementor-element elementor-element-0c7a300 elementor-widget elementor-widget-image\" data-id=\"0c7a300\" data-element_type=\"widget\" data-e-type=\"widget\" data-widget_type=\"image.default\">\n\t\t\t\t<div class=\"elementor-widget-container\">\n\t\t\t\t\t\t\t\t\t\t\t\t\t\t\t<img decoding=\"async\" width=\"900\" height=\"1000\" src=\"https:\/\/afrimda.com\/mnssite\/wp-content\/uploads\/2025\/06\/afrimda_festival_strategy.jpg\" class=\"attachment-full size-full wp-image-1272\" alt=\"\" srcset=\"https:\/\/afrimda.com\/mnssite\/wp-content\/uploads\/2025\/06\/afrimda_festival_strategy.jpg 900w, https:\/\/afrimda.com\/mnssite\/wp-content\/uploads\/2025\/06\/afrimda_festival_strategy-270x300.jpg 270w, https:\/\/afrimda.com\/mnssite\/wp-content\/uploads\/2025\/06\/afrimda_festival_strategy-768x853.jpg 768w, https:\/\/afrimda.com\/mnssite\/wp-content\/uploads\/2025\/06\/afrimda_festival_strategy-11x12.jpg 11w\" sizes=\"(max-width: 900px) 100vw, 900px\" \/>\t\t\t\t\t\t\t\t\t\t\t\t\t\t\t<\/div>\n\t\t\t\t<\/div>\n\t\t\t\t<\/div>\n\t\t\t\t<\/section>\n\t\t<section class=\"elementor-element elementor-element-72136a9 e-con-full e-flex e-con e-child\" data-id=\"72136a9\" data-element_type=\"container\" data-e-type=\"container\">\n\t\t<div class=\"elementor-element elementor-element-172a278 e-con-full e-flex e-con e-child\" data-id=\"172a278\" data-element_type=\"container\" data-e-type=\"container\">\n\t\t\t\t<div class=\"elementor-element elementor-element-0e04721 elementor-widget elementor-widget-image\" data-id=\"0e04721\" data-element_type=\"widget\" data-e-type=\"widget\" data-widget_type=\"image.default\">\n\t\t\t\t<div class=\"elementor-widget-container\">\n\t\t\t\t\t\t\t\t\t\t\t\t\t\t\t<img decoding=\"async\" width=\"900\" height=\"1000\" src=\"https:\/\/afrimda.com\/mnssite\/wp-content\/uploads\/2025\/06\/afrimda_project_development_packaging.jpg\" class=\"attachment-full size-full wp-image-1273\" alt=\"afrimda_project_development_packaging\" srcset=\"https:\/\/afrimda.com\/mnssite\/wp-content\/uploads\/2025\/06\/afrimda_project_development_packaging.jpg 900w, https:\/\/afrimda.com\/mnssite\/wp-content\/uploads\/2025\/06\/afrimda_project_development_packaging-270x300.jpg 270w, https:\/\/afrimda.com\/mnssite\/wp-content\/uploads\/2025\/06\/afrimda_project_development_packaging-768x853.jpg 768w, https:\/\/afrimda.com\/mnssite\/wp-content\/uploads\/2025\/06\/afrimda_project_development_packaging-11x12.jpg 11w\" sizes=\"(max-width: 900px) 100vw, 900px\" \/>\t\t\t\t\t\t\t\t\t\t\t\t\t\t\t<\/div>\n\t\t\t\t<\/div>\n\t\t\t\t<\/div>\n\t\t<div class=\"elementor-element elementor-element-f887a28 e-con-full e-flex e-con e-child\" data-id=\"f887a28\" data-element_type=\"container\" data-e-type=\"container\">\n\t\t\t\t<div class=\"elementor-element elementor-element-df9dbfe elementor-widget elementor-widget-heading\" data-id=\"df9dbfe\" data-element_type=\"widget\" data-e-type=\"widget\" data-widget_type=\"heading.default\">\n\t\t\t\t<div class=\"elementor-widget-container\">\n\t\t\t\t\t<h2 class=\"elementor-heading-title elementor-size-default\">D\u00e9veloppement et packaging de projet :<\/h2>\t\t\t\t<\/div>\n\t\t\t\t<\/div>\n\t\t\t\t<div class=\"elementor-element elementor-element-a8f54f4 elementor-widget elementor-widget-text-editor\" data-id=\"a8f54f4\" data-element_type=\"widget\" data-e-type=\"widget\" data-widget_type=\"text-editor.default\">\n\t\t\t\t<div class=\"elementor-widget-container\">\n\t\t\t\t\t\t\t\t\t<p>Transformer une id\u00e9e en un projet cin\u00e9matographique viable demande une planification rigoureuse et un positionnement strat\u00e9gique. Nos services de d\u00e9veloppement et packaging de projet vous accompagnent dans la construction d\u2019une base solide pour votre film. Nous vous aidons \u00e0 d\u00e9velopper des plans d\u00e9taill\u00e9s, \u00e0 cr\u00e9er des dossiers de pr\u00e9sentation convaincants, \u00e0 identifier des collaborateurs potentiels, et \u00e0 emballer votre projet efficacement pour attirer financements et partenaires de production.<\/p>\t\t\t\t\t\t\t\t<\/div>\n\t\t\t\t<\/div>\n\t\t<div class=\"elementor-element elementor-element-944d712 e-con-full e-flex e-con e-child\" data-id=\"944d712\" data-element_type=\"container\" data-e-type=\"container\">\n\t\t<div class=\"elementor-element elementor-element-926f4de e-con-full e-flex e-con e-child\" data-id=\"926f4de\" data-element_type=\"container\" data-e-type=\"container\">\n\t\t\t\t<div class=\"elementor-element elementor-element-97fba4f elementor-widget elementor-widget-text-editor\" data-id=\"97fba4f\" data-element_type=\"widget\" data-e-type=\"widget\" data-widget_type=\"text-editor.default\">\n\t\t\t\t<div class=\"elementor-widget-container\">\n\t\t\t\t\t\t\t\t\t<ul><li>\u00c9valuation de la viabilit\u00e9 du projet<\/li><li>Assistance \u00e0 la cr\u00e9ation de pitch deck et lookbook<\/li><li>Consultation et strat\u00e9gie de casting<\/li><li>Strat\u00e9gie de financement et aide \u00e0 la r\u00e9daction de demandes de subventions<\/li><li>\u00c9laboration de r\u00e9sum\u00e9s ex\u00e9cutifs et prospectus pour investisseurs<\/li><\/ul>\t\t\t\t\t\t\t\t<\/div>\n\t\t\t\t<\/div>\n\t\t\t\t<\/div>\n\t\t<div class=\"elementor-element elementor-element-efea1e9 e-con-full e-flex e-con e-child\" data-id=\"efea1e9\" data-element_type=\"container\" data-e-type=\"container\">\n\t\t\t\t<div class=\"elementor-element elementor-element-d610fd8 elementor-widget elementor-widget-text-editor\" data-id=\"d610fd8\" data-element_type=\"widget\" data-e-type=\"widget\" data-widget_type=\"text-editor.default\">\n\t\t\t\t<div class=\"elementor-widget-container\">\n\t\t\t\t\t\t\t\t\t<ul><li>Consultation en budg\u00e9tisation et planification financi\u00e8re<\/li><li>Recherche des collaborateurs cl\u00e9s (producteur, directeur de la photographie, monteur, etc.)<\/li><li>Consultation juridique et affaires (niveau de base)<\/li><li>Strat\u00e9gie de vente et distribution (phase pr\u00e9coce)<\/li><\/ul>\t\t\t\t\t\t\t\t<\/div>\n\t\t\t\t<\/div>\n\t\t\t\t<\/div>\n\t\t\t\t<\/div>\n\t\t\t\t<\/div>\n\t\t\t\t<\/section>\n\t\t\t\t\t<\/div>\n\t\t\t\t<\/div>\n\t\t<div class=\"elementor-element elementor-element-09ede90 e-flex e-con-boxed e-con e-parent\" data-id=\"09ede90\" data-element_type=\"container\" data-e-type=\"container\" data-settings=\"{&quot;background_background&quot;:&quot;classic&quot;}\">\n\t\t\t\t\t<div class=\"e-con-inner\">\n\t\t<div class=\"elementor-element elementor-element-08b6654 e-con-full e-flex e-con e-child\" data-id=\"08b6654\" data-element_type=\"container\" data-e-type=\"container\">\n\t\t\t\t<div class=\"elementor-element elementor-element-918c7a9 elementor-widget elementor-widget-text-editor\" data-id=\"918c7a9\" data-element_type=\"widget\" data-e-type=\"widget\" data-widget_type=\"text-editor.default\">\n\t\t\t\t<div class=\"elementor-widget-container\">\n\t\t\t\t\t\t\t\t\t<p>Chez afrimda, nous croyons au pouvoir de la connexion. En r\u00e9unissant la sagesse des cin\u00e9astes exp\u00e9riment\u00e9s et les perspectives fra\u00eeches des nouvelles voix, nous cr\u00e9ons un environnement dynamique d\u2019apprentissage, de collaboration et de croissance. Nous sommes plus qu\u2019un simple prestataire de services\u202f; nous sommes une communaut\u00e9 engag\u00e9e dans la r\u00e9ussite de chaque cin\u00e9aste que nous accompagnons.<\/p>\t\t\t\t\t\t\t\t<\/div>\n\t\t\t\t<\/div>\n\t\t\t\t<\/div>\n\t\t<div class=\"elementor-element elementor-element-ce61321 e-con-full e-flex e-con e-child\" data-id=\"ce61321\" data-element_type=\"container\" data-e-type=\"container\">\n\t\t<div class=\"elementor-element elementor-element-470ce97 e-con-full e-flex e-con e-child\" data-id=\"470ce97\" data-element_type=\"container\" data-e-type=\"container\">\n\t\t\t\t<div class=\"elementor-element elementor-element-e18d207 elementor-widget elementor-widget-text-editor\" data-id=\"e18d207\" data-element_type=\"widget\" data-e-type=\"widget\" data-widget_type=\"text-editor.default\">\n\t\t\t\t<div class=\"elementor-widget-container\">\n\t\t\t\t\t\t\t\t\t<p>Rejoignez afrimda et faites partie d\u2019un r\u00e9seau d\u00e9di\u00e9 \u00e0 repousser les limites de la narration cin\u00e9matographique. Laissez-nous vous aider \u00e0 faire passer votre film du concept \u00e0 l\u2019\u00e9cran et au-del\u00e0.<\/p>\t\t\t\t\t\t\t\t<\/div>\n\t\t\t\t<\/div>\n\t\t\t\t<\/div>\n\t\t<div class=\"elementor-element elementor-element-1e86bb0 e-con-full e-flex e-con e-child\" data-id=\"1e86bb0\" data-element_type=\"container\" data-e-type=\"container\">\n\t\t\t\t<div class=\"elementor-element elementor-element-714658d elementor-widget elementor-widget-button\" data-id=\"714658d\" data-element_type=\"widget\" data-e-type=\"widget\" data-widget_type=\"button.default\">\n\t\t\t\t<div class=\"elementor-widget-container\">\n\t\t\t\t\t\t\t\t\t<div class=\"elementor-button-wrapper\">\n\t\t\t\t\t<a class=\"elementor-button elementor-button-link elementor-size-sm\" href=\"https:\/\/afrimda.com\/fr\/request-a-service\/\">\n\t\t\t\t\t\t<span class=\"elementor-button-content-wrapper\">\n\t\t\t\t\t\t<span class=\"elementor-button-icon\">\n\t\t\t\t<svg aria-hidden=\"true\" class=\"e-font-icon-svg e-fas-arrow-right\" viewbox=\"0 0 448 512\" xmlns=\"http:\/\/www.w3.org\/2000\/svg\"><path d=\"M190.5 66.9l22.2-22.2c9.4-9.4 24.6-9.4 33.9 0L441 239c9.4 9.4 9.4 24.6 0 33.9L246.6 467.3c-9.4 9.4-24.6 9.4-33.9 0l-22.2-22.2c-9.5-9.5-9.3-25 .4-34.3L311.4 296H24c-13.3 0-24-10.7-24-24v-32c0-13.3 10.7-24 24-24h287.4L190.9 101.2c-9.8-9.3-10-24.8-.4-34.3z\"><\/path><\/svg>\t\t\t<\/span>\n\t\t\t\t\t\t\t\t\t<span class=\"elementor-button-text\">Demander un service<\/span>\n\t\t\t\t\t<\/span>\n\t\t\t\t\t<\/a>\n\t\t\t\t<\/div>\n\t\t\t\t\t\t\t\t<\/div>\n\t\t\t\t<\/div>\n\t\t\t\t<div class=\"elementor-element elementor-element-cb1258d elementor-hidden-mobile elementor-widget elementor-widget-button\" data-id=\"cb1258d\" data-element_type=\"widget\" data-e-type=\"widget\" data-widget_type=\"button.default\">\n\t\t\t\t<div class=\"elementor-widget-container\">\n\t\t\t\t\t\t\t\t\t<div class=\"elementor-button-wrapper\">\n\t\t\t\t\t<a class=\"elementor-button elementor-button-link elementor-size-sm\" href=\"https:\/\/pro.afrimda.com\">\n\t\t\t\t\t\t<span class=\"elementor-button-content-wrapper\">\n\t\t\t\t\t\t<span class=\"elementor-button-icon\">\n\t\t\t\t<svg aria-hidden=\"true\" class=\"e-font-icon-svg e-fas-arrow-right\" viewbox=\"0 0 448 512\" xmlns=\"http:\/\/www.w3.org\/2000\/svg\"><path d=\"M190.5 66.9l22.2-22.2c9.4-9.4 24.6-9.4 33.9 0L441 239c9.4 9.4 9.4 24.6 0 33.9L246.6 467.3c-9.4 9.4-24.6 9.4-33.9 0l-22.2-22.2c-9.5-9.5-9.3-25 .4-34.3L311.4 296H24c-13.3 0-24-10.7-24-24v-32c0-13.3 10.7-24 24-24h287.4L190.9 101.2c-9.8-9.3-10-24.8-.4-34.3z\"><\/path><\/svg>\t\t\t<\/span>\n\t\t\t\t\t\t\t\t\t<span class=\"elementor-button-text\">Nous Rejoindre<\/span>\n\t\t\t\t\t<\/span>\n\t\t\t\t\t<\/a>\n\t\t\t\t<\/div>\n\t\t\t\t\t\t\t\t<\/div>\n\t\t\t\t<\/div>\n\t\t\t\t<\/div>\n\t\t\t\t<\/div>\n\t\t\t\t\t<\/div>\n\t\t\t\t<\/div>\n\t\t\t\t<\/div>","protected":false},"excerpt":{"rendered":"<p>We provide a suite of tailored services designed to support your film project at every critical stages. Expert Consulting: Script &amp; Story Development: Your story is the heart of your film. Our experienced consultants offer in-depth analysis and collaborative guidance to help you craft compelling narratives, develop authentic characters, and structure your script for maximum [&hellip;]<\/p>\n","protected":false},"author":1,"featured_media":0,"parent":0,"menu_order":0,"comment_status":"closed","ping_status":"closed","template":"","meta":{"footnotes":""},"class_list":["post-13","page","type-page","status-publish","hentry"],"_links":{"self":[{"href":"https:\/\/afrimda.com\/fr\/wp-json\/wp\/v2\/pages\/13","targetHints":{"allow":["GET"]}}],"collection":[{"href":"https:\/\/afrimda.com\/fr\/wp-json\/wp\/v2\/pages"}],"about":[{"href":"https:\/\/afrimda.com\/fr\/wp-json\/wp\/v2\/types\/page"}],"author":[{"embeddable":true,"href":"https:\/\/afrimda.com\/fr\/wp-json\/wp\/v2\/users\/1"}],"replies":[{"embeddable":true,"href":"https:\/\/afrimda.com\/fr\/wp-json\/wp\/v2\/comments?post=13"}],"version-history":[{"count":184,"href":"https:\/\/afrimda.com\/fr\/wp-json\/wp\/v2\/pages\/13\/revisions"}],"predecessor-version":[{"id":1524,"href":"https:\/\/afrimda.com\/fr\/wp-json\/wp\/v2\/pages\/13\/revisions\/1524"}],"wp:attachment":[{"href":"https:\/\/afrimda.com\/fr\/wp-json\/wp\/v2\/media?parent=13"}],"curies":[{"name":"wp","href":"https:\/\/api.w.org\/{rel}","templated":true}]}}